{"id":2,"date":"2018-08-07T23:56:13","date_gmt":"2018-08-07T23:56:13","guid":{"rendered":"http:\/\/fortinmulitas.com.ar\/es\/?page_id=2"},"modified":"2024-05-30T19:05:42","modified_gmt":"2024-05-30T22:05:42","slug":"bienvenidos_a_canal_3","status":"publish","type":"page","link":"http:\/\/fortinmulitas.com.ar\/es\/","title":{"rendered":"Bienvenidos"},"content":{"rendered":"<h1>\u00a1Bienvenidos a Canal 3 -Fort\u00edn Mulitas TV!<\/h1>\n<p><strong>El nuevo correo electr\u00f3nico de Canal 3 &#8211; fort\u00edn Mulitas TV es:<\/strong> <a href=\"mailto:info@fortinmulitas.com.ar\" target=\"_blank\" rel=\"noreferrer noopener\"><strong>info@fortinmulitas.com.ar<\/strong><\/a><\/p>\n<h4><a href=\"https:\/\/fortinmulitas.oppen.io\/intranet\/login\"><img loading=\"lazy\" decoding=\"async\" class=\"alignnone size-full wp-image-114\" src=\"http:\/\/fortinmulitas.com.ar\/es\/wp-content\/uploads\/tu-factura.jpg\" alt=\"\" width=\"241\" height=\"209\" \/><\/a>Desde agosto 2020 podr\u00e1s descargar tu factura en este enlace usando el mismo usuario y contrase\u00f1a que en el sistema anterior.<br \/>\nSiempre buscamos mejorar el servicio para tu mayor comodidad.<\/h4>\n<h2><img loading=\"lazy\" decoding=\"async\" class=\"alignnone wp-image-59 size-full\" src=\"http:\/\/fortinmulitas.com.ar\/es\/wp-content\/uploads\/2018\/08\/servicio-tecnico-2.jpg\" alt=\"\" width=\"241\" height=\"209\" \/>0800 333 5555<\/h2>\n<h4><a href=\"http:\/\/fortinmulitas.com.ar\/es\/consultas-y-bajas\/\"><img loading=\"lazy\" decoding=\"async\" class=\"alignnone wp-image-61 size-full\" src=\"http:\/\/fortinmulitas.com.ar\/es\/wp-content\/uploads\/2018\/08\/consultas-y-bajas-1.jpg\" alt=\"\" width=\"241\" height=\"209\" \/><\/a>Ingrese su Consulta o Solicitud de Baja de Servicios<\/h4>\n<h4><a href=\"http:\/\/fortinmulitas.com.ar\/gestion\/login.php\"><img loading=\"lazy\" decoding=\"async\" class=\"alignnone wp-image-60 size-full\" src=\"http:\/\/fortinmulitas.com.ar\/es\/wp-content\/uploads\/2018\/08\/auto-gestion-1.jpg\" alt=\"\" width=\"241\" height=\"209\" \/><\/a>\u00a0Utilice nuestro Sistema de Autogesti\u00f3n<\/h4>\n<h4><a href=\"http:\/\/www.linkpagos.com.ar\" target=\"_blank\" rel=\"noopener noreferrer\"><img loading=\"lazy\" decoding=\"async\" class=\"alignnone size-medium wp-image-11\" src=\"http:\/\/fortinmulitas.com.ar\/es\/wp-content\/uploads\/2018\/08\/link-pagos.jpg\" alt=\"\" width=\"241\" height=\"209\" \/><\/a>Abone su factura de Canal 3 y de SOON por LINK Pagos ingresando en www.linkpagos.com.ar, Cajero LINK o LINK Celular, durante las 24 horas todos los d\u00edas.<\/h4>\n<p><img loading=\"lazy\" decoding=\"async\" class=\"alignnone wp-image-62 size-full\" src=\"http:\/\/fortinmulitas.com.ar\/es\/wp-content\/uploads\/2018\/08\/informacion-electoral.jpg\" alt=\"\" width=\"241\" height=\"209\" \/>En cumplimiento de la Resoluci\u00f3n 173 AFSCA 2010 ofrecemos a ustedes la informaci\u00f3n correspondiente. Anexo I Res. 943 AFSCA 2011 DDJJ Publicidad Electoral.<\/p>\n","protected":false},"excerpt":{"rendered":"<p>\u00a1Bienvenidos a Canal 3 -Fort\u00edn Mulitas TV! El nuevo correo electr\u00f3nico de Canal 3 &#8211; fort\u00edn Mulitas TV es: info@fortinmulitas.com.ar Desde agosto 2020 podr\u00e1s descargar tu factura en este enlace [&hellip;]<\/p>\n","protected":false},"author":1,"featured_media":84,"parent":0,"menu_order":0,"comment_status":"closed","ping_status":"closed","template":"page-left-sidebar.php","meta":{"footnotes":""},"class_list":["post-2","page","type-page","status-publish","has-post-thumbnail","hentry"],"_links":{"self":[{"href":"http:\/\/fortinmulitas.com.ar\/es\/wp-json\/wp\/v2\/pages\/2","targetHints":{"allow":["GET"]}}],"collection":[{"href":"http:\/\/fortinmulitas.com.ar\/es\/wp-json\/wp\/v2\/pages"}],"about":[{"href":"http:\/\/fortinmulitas.com.ar\/es\/wp-json\/wp\/v2\/types\/page"}],"author":[{"embeddable":true,"href":"http:\/\/fortinmulitas.com.ar\/es\/wp-json\/wp\/v2\/users\/1"}],"replies":[{"embeddable":true,"href":"http:\/\/fortinmulitas.com.ar\/es\/wp-json\/wp\/v2\/comments?post=2"}],"version-history":[{"count":11,"href":"http:\/\/fortinmulitas.com.ar\/es\/wp-json\/wp\/v2\/pages\/2\/revisions"}],"predecessor-version":[{"id":283,"href":"http:\/\/fortinmulitas.com.ar\/es\/wp-json\/wp\/v2\/pages\/2\/revisions\/283"}],"wp:featuredmedia":[{"embeddable":true,"href":"http:\/\/fortinmulitas.com.ar\/es\/wp-json\/wp\/v2\/media\/84"}],"wp:attachment":[{"href":"http:\/\/fortinmulitas.com.ar\/es\/wp-json\/wp\/v2\/media?parent=2"}],"curies":[{"name":"wp","href":"https:\/\/api.w.org\/{rel}","templated":true}]}}